{"id":916,"date":"2020-11-01T17:50:43","date_gmt":"2020-11-01T16:50:43","guid":{"rendered":"http:\/\/terre-de-chamans.com\/?page_id=916"},"modified":"2020-11-01T18:14:29","modified_gmt":"2020-11-01T17:14:29","slug":"galerie-photos-tony-paixao","status":"publish","type":"page","link":"https:\/\/terre-de-chamans.com\/index.php\/galerie-photos-tony-paixao\/","title":{"rendered":"Galerie"},"content":{"rendered":"\t\t<div data-elementor-type=\"wp-page\" data-elementor-id=\"916\" class=\"elementor elementor-916\">\n\t\t\t\t\t\t<section class=\"elementor-section elementor-top-section elementor-element elementor-element-58670ef elementor-section-boxed elementor-section-height-default elementor-section-height-default\" data-id=\"58670ef\" data-element_type=\"section\" data-e-type=\"section\">\n\t\t\t\t\t\t<div class=\"elementor-container elementor-column-gap-default\">\n\t\t\t\t\t<div class=\"elementor-column elementor-col-100 elementor-top-column elementor-element elementor-element-fee7c39\" data-id=\"fee7c39\" data-element_type=\"column\" data-e-type=\"column\">\n\t\t\t<div class=\"elementor-widget-wrap elementor-element-populated\">\n\t\t\t\t\t\t<div class=\"elementor-element elementor-element-864346e elementor-widget elementor-widget-spacer\" data-id=\"864346e\" data-element_type=\"widget\" data-e-type=\"widget\" data-widget_type=\"spacer.default\">\n\t\t\t\t<div class=\"elementor-widget-container\">\n\t\t\t\t\t\t\t<div class=\"elementor-spacer\">\n\t\t\t<div class=\"elementor-spacer-inner\"><\/div>\n\t\t<\/div>\n\t\t\t\t\t\t<\/div>\n\t\t\t\t<\/div>\n\t\t\t\t<div class=\"elementor-element elementor-element-0dafdb5 elementor-widget elementor-widget-heading\" data-id=\"0dafdb5\" data-element_type=\"widget\" data-e-type=\"widget\" data-widget_type=\"heading.default\">\n\t\t\t\t<div class=\"elementor-widget-container\">\n\t\t\t\t\t<h2 class=\"elementor-heading-title elementor-size-default\">Galerie<\/h2>\t\t\t\t<\/div>\n\t\t\t\t<\/div>\n\t\t\t\t\t<\/div>\n\t\t<\/div>\n\t\t\t\t\t<\/div>\n\t\t<\/section>\n\t\t\t\t<section class=\"elementor-section elementor-top-section elementor-element elementor-element-806c2a3 elementor-section-boxed elementor-section-height-default elementor-section-height-default\" data-id=\"806c2a3\" data-element_type=\"section\" data-e-type=\"section\">\n\t\t\t\t\t\t<div class=\"elementor-container elementor-column-gap-default\">\n\t\t\t\t\t<div class=\"elementor-column elementor-col-100 elementor-top-column elementor-element elementor-element-4eb856c\" data-id=\"4eb856c\" data-element_type=\"column\" data-e-type=\"column\">\n\t\t\t<div class=\"elementor-widget-wrap elementor-element-populated\">\n\t\t\t\t\t\t<div class=\"elementor-element elementor-element-28cdf5c elementor-widget elementor-widget-shortcode\" data-id=\"28cdf5c\" data-element_type=\"widget\" data-e-type=\"widget\" data-widget_type=\"shortcode.default\">\n\t\t\t\t<div class=\"elementor-widget-container\">\n\t\t\t\t\t\t\t<div class=\"elementor-shortcode\">\t\t<div id=\"sbi_mod_error\" >\n\t\t\t<span>Ce message d\u2019erreur n\u2019est visible que pour les administrateurs de WordPress<\/span><br\/>\n\t\t\t<p><strong>Erreur. Aucun flux trouv\u00e9.<\/strong>\n\t\t\t<p>Veuillez aller sur la page de r\u00e9glages d\u2018Instagram Feed pour connecter votre compte.<\/p>\n\t\t<\/div>\n\t\t<\/div>\n\t\t\t\t\t\t<\/div>\n\t\t\t\t<\/div>\n\t\t\t\t\t<\/div>\n\t\t<\/div>\n\t\t\t\t\t<\/div>\n\t\t<\/section>\n\t\t\t\t<\/div>\n\t\t","protected":false},"excerpt":{"rendered":"<p>Galerie<\/p>\n","protected":false},"author":1,"featured_media":0,"parent":0,"menu_order":0,"comment_status":"closed","ping_status":"closed","template":"","meta":{"footnotes":""},"class_list":["post-916","page","type-page","status-publish","hentry"],"yoast_head":"<!-- This site is optimized with the Yoast SEO plugin v27.5 - https:\/\/yoast.com\/product\/yoast-seo-wordpress\/ -->\n<title>Galerie photos Tony Paixao - Terre de chamans<\/title>\n<meta name=\"description\" content=\"Gal\u00e9rie photos de Tony Paixao en collaboration avec Terre de Chamans \u00e0 Toulouse, France et Rio de Janeiro, Br\u00e9sil.\" \/>\n<meta name=\"robots\" content=\"index, follow, max-snippet:-1, max-image-preview:large, max-video-preview:-1\" \/>\n<link rel=\"canonical\" href=\"https:\/\/terre-de-chamans.com\/index.php\/galerie-photos-tony-paixao\/\" \/>\n<meta property=\"og:locale\" content=\"fr_FR\" \/>\n<meta property=\"og:type\" content=\"article\" \/>\n<meta property=\"og:title\" content=\"Galerie photos Tony Paixao - Terre de chamans\" \/>\n<meta property=\"og:description\" content=\"Gal\u00e9rie photos de Tony Paixao en collaboration avec Terre de Chamans \u00e0 Toulouse, France et Rio de Janeiro, Br\u00e9sil.\" \/>\n<meta property=\"og:url\" content=\"https:\/\/terre-de-chamans.com\/index.php\/galerie-photos-tony-paixao\/\" \/>\n<meta property=\"og:site_name\" content=\"Terre de chamans\" \/>\n<meta property=\"article:publisher\" content=\"https:\/\/www.facebook.com\/terredechamans\/\" \/>\n<meta property=\"article:modified_time\" content=\"2020-11-01T17:14:29+00:00\" \/>\n<meta name=\"twitter:card\" content=\"summary_large_image\" \/>\n<script type=\"application\/ld+json\" class=\"yoast-schema-graph\">{\"@context\":\"https:\\\/\\\/schema.org\",\"@graph\":[{\"@type\":\"WebPage\",\"@id\":\"https:\\\/\\\/terre-de-chamans.com\\\/index.php\\\/galerie-photos-tony-paixao\\\/\",\"url\":\"https:\\\/\\\/terre-de-chamans.com\\\/index.php\\\/galerie-photos-tony-paixao\\\/\",\"name\":\"Galerie photos Tony Paixao - Terre de chamans\",\"isPartOf\":{\"@id\":\"https:\\\/\\\/terre-de-chamans.com\\\/#website\"},\"datePublished\":\"2020-11-01T16:50:43+00:00\",\"dateModified\":\"2020-11-01T17:14:29+00:00\",\"description\":\"Gal\u00e9rie photos de Tony Paixao en collaboration avec Terre de Chamans \u00e0 Toulouse, France et Rio de Janeiro, Br\u00e9sil.\",\"breadcrumb\":{\"@id\":\"https:\\\/\\\/terre-de-chamans.com\\\/index.php\\\/galerie-photos-tony-paixao\\\/#breadcrumb\"},\"inLanguage\":\"fr-FR\",\"potentialAction\":[{\"@type\":\"ReadAction\",\"target\":[\"https:\\\/\\\/terre-de-chamans.com\\\/index.php\\\/galerie-photos-tony-paixao\\\/\"]}]},{\"@type\":\"BreadcrumbList\",\"@id\":\"https:\\\/\\\/terre-de-chamans.com\\\/index.php\\\/galerie-photos-tony-paixao\\\/#breadcrumb\",\"itemListElement\":[{\"@type\":\"ListItem\",\"position\":1,\"name\":\"Accueil\",\"item\":\"https:\\\/\\\/terre-de-chamans.com\\\/\"},{\"@type\":\"ListItem\",\"position\":2,\"name\":\"Galerie\"}]},{\"@type\":\"WebSite\",\"@id\":\"https:\\\/\\\/terre-de-chamans.com\\\/#website\",\"url\":\"https:\\\/\\\/terre-de-chamans.com\\\/\",\"name\":\"Terre de chamans\",\"description\":\"spiritualit\u00e9 et chamanisme\",\"publisher\":{\"@id\":\"https:\\\/\\\/terre-de-chamans.com\\\/#organization\"},\"potentialAction\":[{\"@type\":\"SearchAction\",\"target\":{\"@type\":\"EntryPoint\",\"urlTemplate\":\"https:\\\/\\\/terre-de-chamans.com\\\/?s={search_term_string}\"},\"query-input\":{\"@type\":\"PropertyValueSpecification\",\"valueRequired\":true,\"valueName\":\"search_term_string\"}}],\"inLanguage\":\"fr-FR\"},{\"@type\":\"Organization\",\"@id\":\"https:\\\/\\\/terre-de-chamans.com\\\/#organization\",\"name\":\"TERRE DE CHAMANS\",\"url\":\"https:\\\/\\\/terre-de-chamans.com\\\/\",\"logo\":{\"@type\":\"ImageObject\",\"inLanguage\":\"fr-FR\",\"@id\":\"https:\\\/\\\/terre-de-chamans.com\\\/#\\\/schema\\\/logo\\\/image\\\/\",\"url\":\"https:\\\/\\\/terre-de-chamans.com\\\/wp-content\\\/uploads\\\/2020\\\/10\\\/logo-terre-de-chamans.jpg\",\"contentUrl\":\"https:\\\/\\\/terre-de-chamans.com\\\/wp-content\\\/uploads\\\/2020\\\/10\\\/logo-terre-de-chamans.jpg\",\"width\":1860,\"height\":1845,\"caption\":\"TERRE DE CHAMANS\"},\"image\":{\"@id\":\"https:\\\/\\\/terre-de-chamans.com\\\/#\\\/schema\\\/logo\\\/image\\\/\"},\"sameAs\":[\"https:\\\/\\\/www.facebook.com\\\/terredechamans\\\/\"]}]}<\/script>\n<!-- \/ Yoast SEO plugin. -->","yoast_head_json":{"title":"Galerie photos Tony Paixao - Terre de chamans","description":"Gal\u00e9rie photos de Tony Paixao en collaboration avec Terre de Chamans \u00e0 Toulouse, France et Rio de Janeiro, Br\u00e9sil.","robots":{"index":"index","follow":"follow","max-snippet":"max-snippet:-1","max-image-preview":"max-image-preview:large","max-video-preview":"max-video-preview:-1"},"canonical":"https:\/\/terre-de-chamans.com\/index.php\/galerie-photos-tony-paixao\/","og_locale":"fr_FR","og_type":"article","og_title":"Galerie photos Tony Paixao - Terre de chamans","og_description":"Gal\u00e9rie photos de Tony Paixao en collaboration avec Terre de Chamans \u00e0 Toulouse, France et Rio de Janeiro, Br\u00e9sil.","og_url":"https:\/\/terre-de-chamans.com\/index.php\/galerie-photos-tony-paixao\/","og_site_name":"Terre de chamans","article_publisher":"https:\/\/www.facebook.com\/terredechamans\/","article_modified_time":"2020-11-01T17:14:29+00:00","twitter_card":"summary_large_image","schema":{"@context":"https:\/\/schema.org","@graph":[{"@type":"WebPage","@id":"https:\/\/terre-de-chamans.com\/index.php\/galerie-photos-tony-paixao\/","url":"https:\/\/terre-de-chamans.com\/index.php\/galerie-photos-tony-paixao\/","name":"Galerie photos Tony Paixao - Terre de chamans","isPartOf":{"@id":"https:\/\/terre-de-chamans.com\/#website"},"datePublished":"2020-11-01T16:50:43+00:00","dateModified":"2020-11-01T17:14:29+00:00","description":"Gal\u00e9rie photos de Tony Paixao en collaboration avec Terre de Chamans \u00e0 Toulouse, France et Rio de Janeiro, Br\u00e9sil.","breadcrumb":{"@id":"https:\/\/terre-de-chamans.com\/index.php\/galerie-photos-tony-paixao\/#breadcrumb"},"inLanguage":"fr-FR","potentialAction":[{"@type":"ReadAction","target":["https:\/\/terre-de-chamans.com\/index.php\/galerie-photos-tony-paixao\/"]}]},{"@type":"BreadcrumbList","@id":"https:\/\/terre-de-chamans.com\/index.php\/galerie-photos-tony-paixao\/#breadcrumb","itemListElement":[{"@type":"ListItem","position":1,"name":"Accueil","item":"https:\/\/terre-de-chamans.com\/"},{"@type":"ListItem","position":2,"name":"Galerie"}]},{"@type":"WebSite","@id":"https:\/\/terre-de-chamans.com\/#website","url":"https:\/\/terre-de-chamans.com\/","name":"Terre de chamans","description":"spiritualit\u00e9 et chamanisme","publisher":{"@id":"https:\/\/terre-de-chamans.com\/#organization"},"potentialAction":[{"@type":"SearchAction","target":{"@type":"EntryPoint","urlTemplate":"https:\/\/terre-de-chamans.com\/?s={search_term_string}"},"query-input":{"@type":"PropertyValueSpecification","valueRequired":true,"valueName":"search_term_string"}}],"inLanguage":"fr-FR"},{"@type":"Organization","@id":"https:\/\/terre-de-chamans.com\/#organization","name":"TERRE DE CHAMANS","url":"https:\/\/terre-de-chamans.com\/","logo":{"@type":"ImageObject","inLanguage":"fr-FR","@id":"https:\/\/terre-de-chamans.com\/#\/schema\/logo\/image\/","url":"https:\/\/terre-de-chamans.com\/wp-content\/uploads\/2020\/10\/logo-terre-de-chamans.jpg","contentUrl":"https:\/\/terre-de-chamans.com\/wp-content\/uploads\/2020\/10\/logo-terre-de-chamans.jpg","width":1860,"height":1845,"caption":"TERRE DE CHAMANS"},"image":{"@id":"https:\/\/terre-de-chamans.com\/#\/schema\/logo\/image\/"},"sameAs":["https:\/\/www.facebook.com\/terredechamans\/"]}]}},"_links":{"self":[{"href":"https:\/\/terre-de-chamans.com\/index.php\/wp-json\/wp\/v2\/pages\/916","targetHints":{"allow":["GET"]}}],"collection":[{"href":"https:\/\/terre-de-chamans.com\/index.php\/wp-json\/wp\/v2\/pages"}],"about":[{"href":"https:\/\/terre-de-chamans.com\/index.php\/wp-json\/wp\/v2\/types\/page"}],"author":[{"embeddable":true,"href":"https:\/\/terre-de-chamans.com\/index.php\/wp-json\/wp\/v2\/users\/1"}],"replies":[{"embeddable":true,"href":"https:\/\/terre-de-chamans.com\/index.php\/wp-json\/wp\/v2\/comments?post=916"}],"version-history":[{"count":0,"href":"https:\/\/terre-de-chamans.com\/index.php\/wp-json\/wp\/v2\/pages\/916\/revisions"}],"wp:attachment":[{"href":"https:\/\/terre-de-chamans.com\/index.php\/wp-json\/wp\/v2\/media?parent=916"}],"curies":[{"name":"wp","href":"https:\/\/api.w.org\/{rel}","templated":true}]}}