{"id":673,"date":"2020-10-29T20:41:29","date_gmt":"2020-10-29T19:41:29","guid":{"rendered":"http:\/\/terre-de-chamans.com\/?page_id=673"},"modified":"2024-12-06T16:44:30","modified_gmt":"2024-12-06T15:44:30","slug":"mentions-legales","status":"publish","type":"page","link":"https:\/\/terre-de-chamans.com\/index.php\/mentions-legales\/","title":{"rendered":"Mentions L\u00e9gales"},"content":{"rendered":"\t\t<div data-elementor-type=\"wp-page\" data-elementor-id=\"673\" class=\"elementor elementor-673\">\n\t\t\t\t\t\t<section class=\"elementor-section elementor-top-section elementor-element elementor-element-b3e4388 elementor-section-boxed elementor-section-height-default elementor-section-height-default\" data-id=\"b3e4388\" data-element_type=\"section\" data-e-type=\"section\">\n\t\t\t\t\t\t<div class=\"elementor-container elementor-column-gap-default\">\n\t\t\t\t\t<div class=\"elementor-column elementor-col-100 elementor-top-column elementor-element elementor-element-495fa5b\" data-id=\"495fa5b\" data-element_type=\"column\" data-e-type=\"column\">\n\t\t\t<div class=\"elementor-widget-wrap elementor-element-populated\">\n\t\t\t\t\t\t<div class=\"elementor-element elementor-element-b80453d elementor-widget elementor-widget-spacer\" data-id=\"b80453d\" data-element_type=\"widget\" data-e-type=\"widget\" data-widget_type=\"spacer.default\">\n\t\t\t\t<div class=\"elementor-widget-container\">\n\t\t\t\t\t\t\t<div class=\"elementor-spacer\">\n\t\t\t<div class=\"elementor-spacer-inner\"><\/div>\n\t\t<\/div>\n\t\t\t\t\t\t<\/div>\n\t\t\t\t<\/div>\n\t\t\t\t<div class=\"elementor-element elementor-element-f5dc101 elementor-widget elementor-widget-text-editor\" data-id=\"f5dc101\" data-element_type=\"widget\" data-e-type=\"widget\" data-widget_type=\"text-editor.default\">\n\t\t\t\t<div class=\"elementor-widget-container\">\n\t\t\t\t\t\t\t\t\t<h2><strong>Mentions l\u00e9gales<\/strong><\/h2><h3><strong>\u00c9diteur du site<\/strong><\/h3><p><strong>ASSOCIATION TERRE DE CHAMANS<\/strong><br \/>Responsable \u00e9ditorial : <strong>ASSOCIATION TERRE DE CHAMANS<\/strong><br \/>Si\u00e8ge social : 1 rue Pierre Rous, 31830 Plaisance-du-Touch<br \/>Num\u00e9ro de t\u00e9l\u00e9phone : 07.75.75.15.01<br \/>Adresse email : <strong><a href=\"mailto:contact@terre-de-chamans.com\">contact@terre-de-chamans.com<\/a><\/strong><br \/>Site web : <a href=\"http:\/\/www.terre-de-chamans.com\/\">www.terre-de-chamans.com<\/a><\/p><hr \/><h3><strong>H\u00e9bergement<\/strong><\/h3><p><strong>H\u00e9bergeur : OVH<\/strong><br \/>Adresse : 2 rue Kellermann &#8211; 59100 Roubaix &#8211; France<br \/>Site web : <a href=\"http:\/\/www.ovh.com\/\">www.ovh.com<\/a><br \/>T\u00e9l\u00e9phone : 1007<\/p><hr \/><h3><strong>D\u00e9veloppement<\/strong><\/h3><p><strong>ASSOCIATION TERRE DE CHAMANS<\/strong><\/p><hr \/><h3><strong>Conditions d\u2019utilisation<\/strong><\/h3><p>L\u2019utilisation du site <a href=\"http:\/\/www.terre-de-chamans.com\/\">www.terre-de-chamans.com<\/a> implique l\u2019acceptation pleine et enti\u00e8re des conditions g\u00e9n\u00e9rales d\u2019utilisation d\u00e9crites ci-apr\u00e8s. Ces conditions peuvent \u00eatre modifi\u00e9es ou compl\u00e9t\u00e9es \u00e0 tout moment ; les utilisateurs du site sont donc invit\u00e9s \u00e0 les consulter r\u00e9guli\u00e8rement.<\/p><p>Le site utilise les langages web modernes (HTML5, CSS, JavaScript, etc.) et est con\u00e7u pour \u00eatre accessible via des navigateurs r\u00e9cents tels que Google Chrome, Mozilla Firefox, Safari, ou Microsoft Edge.<\/p><hr \/><h3><strong>Protection des donn\u00e9es personnelles (RGPD)<\/strong><\/h3><p><strong>Donn\u00e9es collect\u00e9es et finalit\u00e9s<\/strong><br \/>Nous collectons uniquement les donn\u00e9es n\u00e9cessaires pour :<\/p><ul><li>R\u00e9pondre \u00e0 vos demandes via les formulaires de contact (nom, email, num\u00e9ro de t\u00e9l\u00e9phone).<\/li><li>G\u00e9rer les inscriptions \u00e0 des \u00e9v\u00e9nements ou ateliers organis\u00e9s par l\u2019association.<\/li><\/ul><p><strong>Base l\u00e9gale<\/strong><br \/>La collecte et le traitement de vos donn\u00e9es personnelles sont fond\u00e9s sur :<\/p><ul><li>Votre consentement explicite (exemple : inscription \u00e0 la newsletter ou soumission d\u2019un formulaire).<\/li><li>L\u2019int\u00e9r\u00eat l\u00e9gitime pour assurer le bon fonctionnement du site.<\/li><\/ul><p><strong>Dur\u00e9e de conservation des donn\u00e9es<\/strong><br \/>Les donn\u00e9es personnelles sont conserv\u00e9es :<\/p><ul><li>Pour les formulaires de contact : 1 an apr\u00e8s la derni\u00e8re interaction.<\/li><li>Pour les inscriptions \u00e0 des \u00e9v\u00e9nements : jusqu\u2019\u00e0 leur d\u00e9sabonnement.<\/li><li>Pour les abonn\u00e9s \u00e0 la newsletter : jusqu\u2019\u00e0 leur d\u00e9sabonnement.<\/li><\/ul><p><strong>Partage des donn\u00e9es<\/strong><br \/>Les donn\u00e9es collect\u00e9es ne sont pas transmises \u00e0 des tiers, sauf obligation l\u00e9gale ou avec votre consentement explicite.<\/p><p><strong>Vos droits<\/strong><br \/>Conform\u00e9ment au <strong>RGPD<\/strong> et \u00e0 la loi fran\u00e7aise (loi Informatique et Libert\u00e9s), vous disposez des droits suivants :<\/p><ul><li>Droit d&rsquo;acc\u00e8s, de rectification et d&rsquo;effacement de vos donn\u00e9es.<\/li><li>Droit de limitation et d\u2019opposition au traitement de vos donn\u00e9es.<\/li><li>Droit \u00e0 la portabilit\u00e9 de vos donn\u00e9es.<\/li><li>Droit de retirer votre consentement \u00e0 tout moment.<\/li><li>Droit de d\u00e9poser une plainte aupr\u00e8s de la <strong>CNIL<\/strong> (<a href=\"http:\/\/www.cnil.fr\/\">www.cnil.fr<\/a>) en cas de non-respect de vos droits.<\/li><\/ul><p>Pour exercer vos droits, veuillez nous contacter par email \u00e0 <strong><a href=\"mailto:contact@terre-de-chamans.com\">contact@terre-de-chamans.com<\/a><\/strong>.<\/p><p><strong>S\u00e9curit\u00e9 des donn\u00e9es<\/strong><br \/>Nous mettons en place des mesures techniques et organisationnelles pour prot\u00e9ger vos donn\u00e9es personnelles contre tout acc\u00e8s non autoris\u00e9, perte ou alt\u00e9ration.<\/p><hr \/><h3><strong>Cookies<\/strong><\/h3><p>Le site utilise des cookies pour am\u00e9liorer l\u2019exp\u00e9rience utilisateur et collecter des donn\u00e9es statistiques anonymes.<\/p><p><strong>Types de cookies utilis\u00e9s :<\/strong><\/p><ol><li><strong>Cookies essentiels<\/strong> : N\u00e9cessaires au fonctionnement du site.<\/li><li><strong>Cookies analytiques<\/strong> : Utilis\u00e9s pour mesurer l\u2019audience et comprendre comment les visiteurs naviguent sur le site.<\/li><\/ol><p><strong>Consentement<\/strong><br \/>Lors de votre premi\u00e8re visite sur le site, une banni\u00e8re vous informe de l\u2019utilisation des cookies et vous demande votre consentement. Vous pouvez modifier vos pr\u00e9f\u00e9rences ou retirer votre consentement \u00e0 tout moment via un lien d\u00e9di\u00e9 (par exemple, \u00ab\u00a0G\u00e9rer mes cookies\u00a0\u00bb).<\/p><hr \/><h3><strong>Liens hypertextes<\/strong><\/h3><p>Le site peut contenir des liens vers d\u2019autres sites web. ASSOCIATION TERRE DE CHAMANS d\u00e9cline toute responsabilit\u00e9 quant au contenu ou \u00e0 la politique de confidentialit\u00e9 de ces sites externes.<\/p><p>Toute cr\u00e9ation d\u2019un lien hypertexte vers le site doit faire l\u2019objet d\u2019une autorisation \u00e9crite pr\u00e9alable de l\u2019association.<\/p><hr \/><h3><strong>Propri\u00e9t\u00e9 intellectuelle<\/strong><\/h3><p>Tout le contenu du site <a href=\"http:\/\/www.terre-de-chamans.com\/\">www.terre-de-chamans.com<\/a>, y compris, sans s\u2019y limiter, les textes, images, vid\u00e9os, sons, logos, et graphismes, est prot\u00e9g\u00e9 par le droit d\u2019auteur et reste la propri\u00e9t\u00e9 exclusive d\u2019ASSOCIATION TERRE DE CHAMANS, sauf mention contraire.<\/p><p>Toute reproduction ou utilisation, m\u00eame partielle, est strictement interdite sans autorisation \u00e9crite.<\/p><hr \/><h3><strong>D\u00e9claration CNIL<\/strong><\/h3><p>Ce site a \u00e9t\u00e9 d\u00e9clar\u00e9 aupr\u00e8s de la <strong>CNIL<\/strong> sous le num\u00e9ro <strong>1656629<\/strong> conform\u00e9ment \u00e0 la loi n\u00b078-17 du 6 janvier 1978 modifi\u00e9e.<\/p><hr \/><h3><strong>Litiges<\/strong><\/h3><p>Les pr\u00e9sentes mentions l\u00e9gales sont r\u00e9gies par la loi fran\u00e7aise. En cas de litige, et \u00e0 d\u00e9faut de r\u00e9solution \u00e0 l\u2019amiable, les tribunaux comp\u00e9tents seront ceux du ressort du si\u00e8ge social de l\u2019association.<\/p><hr \/><h3><strong>Responsabilit\u00e9<\/strong><\/h3><p>ASSOCIATION TERRE DE CHAMANS s\u2019efforce de maintenir les informations du site \u00e0 jour et exactes, mais ne saurait garantir l\u2019absence d\u2019erreurs ou d\u2019omissions. L\u2019association ne peut \u00eatre tenue responsable des dommages directs ou indirects li\u00e9s \u00e0 l\u2019utilisation du site.<\/p><hr \/><h3><strong>Contact<\/strong><\/h3><p>Pour toute question relative aux mentions l\u00e9gales ou \u00e0 la protection des donn\u00e9es personnelles, veuillez nous contacter :<br \/>Email : <strong><a href=\"mailto:contact@terre-de-chamans.com\">contact@terre-de-chamans.com<\/a><\/strong><br \/>Adresse postale : 1 rue Pierre Rous, 31830 Plaisance-du-Touch<\/p>\t\t\t\t\t\t\t\t<\/div>\n\t\t\t\t<\/div>\n\t\t\t\t\t<\/div>\n\t\t<\/div>\n\t\t\t\t\t<\/div>\n\t\t<\/section>\n\t\t\t\t<\/div>\n\t\t","protected":false},"excerpt":{"rendered":"<p>Mentions l\u00e9gales \u00c9diteur du site ASSOCIATION TERRE DE CHAMANSResponsable \u00e9ditorial : ASSOCIATION TERRE DE CHAMANSSi\u00e8ge social : 1 rue Pierre Rous, 31830 Plaisance-du-TouchNum\u00e9ro de t\u00e9l\u00e9phone : 07.75.75.15.01Adresse email : contact@terre-de-chamans.comSite web : www.terre-de-chamans.com H\u00e9bergement H\u00e9bergeur : OVHAdresse : 2 rue Kellermann &#8211; 59100 Roubaix &#8211; FranceSite web : www.ovh.comT\u00e9l\u00e9phone : 1007 D\u00e9veloppement ASSOCIATION TERRE DE [&hellip;]<\/p>\n","protected":false},"author":1,"featured_media":0,"parent":0,"menu_order":0,"comment_status":"closed","ping_status":"closed","template":"","meta":{"footnotes":""},"class_list":["post-673","page","type-page","status-publish","hentry"],"yoast_head":"<!-- This site is optimized with the Yoast SEO plugin v27.5 - https:\/\/yoast.com\/product\/yoast-seo-wordpress\/ -->\n<title>Mentions L\u00e9gales - Terre de chamans<\/title>\n<meta name=\"robots\" content=\"index, follow, max-snippet:-1, max-image-preview:large, max-video-preview:-1\" \/>\n<link rel=\"canonical\" href=\"https:\/\/terre-de-chamans.com\/index.php\/mentions-legales\/\" \/>\n<meta property=\"og:locale\" content=\"fr_FR\" \/>\n<meta property=\"og:type\" content=\"article\" \/>\n<meta property=\"og:title\" content=\"Mentions L\u00e9gales - Terre de chamans\" \/>\n<meta property=\"og:description\" content=\"Mentions l\u00e9gales \u00c9diteur du site ASSOCIATION TERRE DE CHAMANSResponsable \u00e9ditorial : ASSOCIATION TERRE DE CHAMANSSi\u00e8ge social : 1 rue Pierre Rous, 31830 Plaisance-du-TouchNum\u00e9ro de t\u00e9l\u00e9phone : 07.75.75.15.01Adresse email : contact@terre-de-chamans.comSite web : www.terre-de-chamans.com H\u00e9bergement H\u00e9bergeur : OVHAdresse : 2 rue Kellermann &#8211; 59100 Roubaix &#8211; FranceSite web : www.ovh.comT\u00e9l\u00e9phone : 1007 D\u00e9veloppement ASSOCIATION TERRE DE [&hellip;]\" \/>\n<meta property=\"og:url\" content=\"https:\/\/terre-de-chamans.com\/index.php\/mentions-legales\/\" \/>\n<meta property=\"og:site_name\" content=\"Terre de chamans\" \/>\n<meta property=\"article:publisher\" content=\"https:\/\/www.facebook.com\/terredechamans\/\" \/>\n<meta property=\"article:modified_time\" content=\"2024-12-06T15:44:30+00:00\" \/>\n<meta name=\"twitter:card\" content=\"summary_large_image\" \/>\n<meta name=\"twitter:label1\" content=\"Dur\u00e9e de lecture estim\u00e9e\" \/>\n\t<meta name=\"twitter:data1\" content=\"4 minutes\" \/>\n<script type=\"application\/ld+json\" class=\"yoast-schema-graph\">{\"@context\":\"https:\\\/\\\/schema.org\",\"@graph\":[{\"@type\":\"WebPage\",\"@id\":\"https:\\\/\\\/terre-de-chamans.com\\\/index.php\\\/mentions-legales\\\/\",\"url\":\"https:\\\/\\\/terre-de-chamans.com\\\/index.php\\\/mentions-legales\\\/\",\"name\":\"Mentions L\u00e9gales - Terre de chamans\",\"isPartOf\":{\"@id\":\"https:\\\/\\\/terre-de-chamans.com\\\/#website\"},\"datePublished\":\"2020-10-29T19:41:29+00:00\",\"dateModified\":\"2024-12-06T15:44:30+00:00\",\"breadcrumb\":{\"@id\":\"https:\\\/\\\/terre-de-chamans.com\\\/index.php\\\/mentions-legales\\\/#breadcrumb\"},\"inLanguage\":\"fr-FR\",\"potentialAction\":[{\"@type\":\"ReadAction\",\"target\":[\"https:\\\/\\\/terre-de-chamans.com\\\/index.php\\\/mentions-legales\\\/\"]}]},{\"@type\":\"BreadcrumbList\",\"@id\":\"https:\\\/\\\/terre-de-chamans.com\\\/index.php\\\/mentions-legales\\\/#breadcrumb\",\"itemListElement\":[{\"@type\":\"ListItem\",\"position\":1,\"name\":\"Accueil\",\"item\":\"https:\\\/\\\/terre-de-chamans.com\\\/\"},{\"@type\":\"ListItem\",\"position\":2,\"name\":\"Mentions L\u00e9gales\"}]},{\"@type\":\"WebSite\",\"@id\":\"https:\\\/\\\/terre-de-chamans.com\\\/#website\",\"url\":\"https:\\\/\\\/terre-de-chamans.com\\\/\",\"name\":\"Terre de chamans\",\"description\":\"spiritualit\u00e9 et chamanisme\",\"publisher\":{\"@id\":\"https:\\\/\\\/terre-de-chamans.com\\\/#organization\"},\"potentialAction\":[{\"@type\":\"SearchAction\",\"target\":{\"@type\":\"EntryPoint\",\"urlTemplate\":\"https:\\\/\\\/terre-de-chamans.com\\\/?s={search_term_string}\"},\"query-input\":{\"@type\":\"PropertyValueSpecification\",\"valueRequired\":true,\"valueName\":\"search_term_string\"}}],\"inLanguage\":\"fr-FR\"},{\"@type\":\"Organization\",\"@id\":\"https:\\\/\\\/terre-de-chamans.com\\\/#organization\",\"name\":\"TERRE DE CHAMANS\",\"url\":\"https:\\\/\\\/terre-de-chamans.com\\\/\",\"logo\":{\"@type\":\"ImageObject\",\"inLanguage\":\"fr-FR\",\"@id\":\"https:\\\/\\\/terre-de-chamans.com\\\/#\\\/schema\\\/logo\\\/image\\\/\",\"url\":\"https:\\\/\\\/terre-de-chamans.com\\\/wp-content\\\/uploads\\\/2020\\\/10\\\/logo-terre-de-chamans.jpg\",\"contentUrl\":\"https:\\\/\\\/terre-de-chamans.com\\\/wp-content\\\/uploads\\\/2020\\\/10\\\/logo-terre-de-chamans.jpg\",\"width\":1860,\"height\":1845,\"caption\":\"TERRE DE CHAMANS\"},\"image\":{\"@id\":\"https:\\\/\\\/terre-de-chamans.com\\\/#\\\/schema\\\/logo\\\/image\\\/\"},\"sameAs\":[\"https:\\\/\\\/www.facebook.com\\\/terredechamans\\\/\"]}]}<\/script>\n<!-- \/ Yoast SEO plugin. -->","yoast_head_json":{"title":"Mentions L\u00e9gales - Terre de chamans","robots":{"index":"index","follow":"follow","max-snippet":"max-snippet:-1","max-image-preview":"max-image-preview:large","max-video-preview":"max-video-preview:-1"},"canonical":"https:\/\/terre-de-chamans.com\/index.php\/mentions-legales\/","og_locale":"fr_FR","og_type":"article","og_title":"Mentions L\u00e9gales - Terre de chamans","og_description":"Mentions l\u00e9gales \u00c9diteur du site ASSOCIATION TERRE DE CHAMANSResponsable \u00e9ditorial : ASSOCIATION TERRE DE CHAMANSSi\u00e8ge social : 1 rue Pierre Rous, 31830 Plaisance-du-TouchNum\u00e9ro de t\u00e9l\u00e9phone : 07.75.75.15.01Adresse email : contact@terre-de-chamans.comSite web : www.terre-de-chamans.com H\u00e9bergement H\u00e9bergeur : OVHAdresse : 2 rue Kellermann &#8211; 59100 Roubaix &#8211; FranceSite web : www.ovh.comT\u00e9l\u00e9phone : 1007 D\u00e9veloppement ASSOCIATION TERRE DE [&hellip;]","og_url":"https:\/\/terre-de-chamans.com\/index.php\/mentions-legales\/","og_site_name":"Terre de chamans","article_publisher":"https:\/\/www.facebook.com\/terredechamans\/","article_modified_time":"2024-12-06T15:44:30+00:00","twitter_card":"summary_large_image","twitter_misc":{"Dur\u00e9e de lecture estim\u00e9e":"4 minutes"},"schema":{"@context":"https:\/\/schema.org","@graph":[{"@type":"WebPage","@id":"https:\/\/terre-de-chamans.com\/index.php\/mentions-legales\/","url":"https:\/\/terre-de-chamans.com\/index.php\/mentions-legales\/","name":"Mentions L\u00e9gales - Terre de chamans","isPartOf":{"@id":"https:\/\/terre-de-chamans.com\/#website"},"datePublished":"2020-10-29T19:41:29+00:00","dateModified":"2024-12-06T15:44:30+00:00","breadcrumb":{"@id":"https:\/\/terre-de-chamans.com\/index.php\/mentions-legales\/#breadcrumb"},"inLanguage":"fr-FR","potentialAction":[{"@type":"ReadAction","target":["https:\/\/terre-de-chamans.com\/index.php\/mentions-legales\/"]}]},{"@type":"BreadcrumbList","@id":"https:\/\/terre-de-chamans.com\/index.php\/mentions-legales\/#breadcrumb","itemListElement":[{"@type":"ListItem","position":1,"name":"Accueil","item":"https:\/\/terre-de-chamans.com\/"},{"@type":"ListItem","position":2,"name":"Mentions L\u00e9gales"}]},{"@type":"WebSite","@id":"https:\/\/terre-de-chamans.com\/#website","url":"https:\/\/terre-de-chamans.com\/","name":"Terre de chamans","description":"spiritualit\u00e9 et chamanisme","publisher":{"@id":"https:\/\/terre-de-chamans.com\/#organization"},"potentialAction":[{"@type":"SearchAction","target":{"@type":"EntryPoint","urlTemplate":"https:\/\/terre-de-chamans.com\/?s={search_term_string}"},"query-input":{"@type":"PropertyValueSpecification","valueRequired":true,"valueName":"search_term_string"}}],"inLanguage":"fr-FR"},{"@type":"Organization","@id":"https:\/\/terre-de-chamans.com\/#organization","name":"TERRE DE CHAMANS","url":"https:\/\/terre-de-chamans.com\/","logo":{"@type":"ImageObject","inLanguage":"fr-FR","@id":"https:\/\/terre-de-chamans.com\/#\/schema\/logo\/image\/","url":"https:\/\/terre-de-chamans.com\/wp-content\/uploads\/2020\/10\/logo-terre-de-chamans.jpg","contentUrl":"https:\/\/terre-de-chamans.com\/wp-content\/uploads\/2020\/10\/logo-terre-de-chamans.jpg","width":1860,"height":1845,"caption":"TERRE DE CHAMANS"},"image":{"@id":"https:\/\/terre-de-chamans.com\/#\/schema\/logo\/image\/"},"sameAs":["https:\/\/www.facebook.com\/terredechamans\/"]}]}},"_links":{"self":[{"href":"https:\/\/terre-de-chamans.com\/index.php\/wp-json\/wp\/v2\/pages\/673","targetHints":{"allow":["GET"]}}],"collection":[{"href":"https:\/\/terre-de-chamans.com\/index.php\/wp-json\/wp\/v2\/pages"}],"about":[{"href":"https:\/\/terre-de-chamans.com\/index.php\/wp-json\/wp\/v2\/types\/page"}],"author":[{"embeddable":true,"href":"https:\/\/terre-de-chamans.com\/index.php\/wp-json\/wp\/v2\/users\/1"}],"replies":[{"embeddable":true,"href":"https:\/\/terre-de-chamans.com\/index.php\/wp-json\/wp\/v2\/comments?post=673"}],"version-history":[{"count":0,"href":"https:\/\/terre-de-chamans.com\/index.php\/wp-json\/wp\/v2\/pages\/673\/revisions"}],"wp:attachment":[{"href":"https:\/\/terre-de-chamans.com\/index.php\/wp-json\/wp\/v2\/media?parent=673"}],"curies":[{"name":"wp","href":"https:\/\/api.w.org\/{rel}","templated":true}]}}