{"id":110,"date":"2019-08-30T10:25:00","date_gmt":"2019-08-30T08:25:00","guid":{"rendered":"http:\/\/terre-de-chamans.com\/?page_id=110"},"modified":"2025-06-21T09:10:04","modified_gmt":"2025-06-21T07:10:04","slug":"tony-paixao-chaman-bresilien","status":"publish","type":"page","link":"https:\/\/terre-de-chamans.com\/index.php\/tony-paixao-chaman-bresilien\/","title":{"rendered":"Tony Paixao"},"content":{"rendered":"\t\t<div data-elementor-type=\"wp-page\" data-elementor-id=\"110\" class=\"elementor elementor-110\">\n\t\t\t\t\t\t<section class=\"elementor-section elementor-top-section elementor-element elementor-element-7a49b340 elementor-section-boxed elementor-section-height-default elementor-section-height-default\" data-id=\"7a49b340\" data-element_type=\"section\" data-e-type=\"section\" data-settings=\"{&quot;background_background&quot;:&quot;classic&quot;}\">\n\t\t\t\t\t\t<div class=\"elementor-container elementor-column-gap-default\">\n\t\t\t\t\t<div class=\"elementor-column elementor-col-100 elementor-top-column elementor-element elementor-element-35597371\" data-id=\"35597371\" data-element_type=\"column\" data-e-type=\"column\">\n\t\t\t<div class=\"elementor-widget-wrap elementor-element-populated\">\n\t\t\t\t\t\t<div class=\"elementor-element elementor-element-b089c81 elementor-widget elementor-widget-spacer\" data-id=\"b089c81\" data-element_type=\"widget\" data-e-type=\"widget\" data-widget_type=\"spacer.default\">\n\t\t\t\t<div class=\"elementor-widget-container\">\n\t\t\t\t\t\t\t<div class=\"elementor-spacer\">\n\t\t\t<div class=\"elementor-spacer-inner\"><\/div>\n\t\t<\/div>\n\t\t\t\t\t\t<\/div>\n\t\t\t\t<\/div>\n\t\t\t\t\t<\/div>\n\t\t<\/div>\n\t\t\t\t\t<\/div>\n\t\t<\/section>\n\t\t\t\t<section class=\"elementor-section elementor-top-section elementor-element elementor-element-e1cabac elementor-section-boxed elementor-section-height-default elementor-section-height-default\" data-id=\"e1cabac\" data-element_type=\"section\" data-e-type=\"section\" data-settings=\"{&quot;background_background&quot;:&quot;classic&quot;}\">\n\t\t\t\t\t\t<div class=\"elementor-container elementor-column-gap-default\">\n\t\t\t\t\t<div class=\"elementor-column elementor-col-100 elementor-top-column elementor-element elementor-element-665e92b\" data-id=\"665e92b\" data-element_type=\"column\" data-e-type=\"column\">\n\t\t\t<div class=\"elementor-widget-wrap elementor-element-populated\">\n\t\t\t\t\t\t<div class=\"elementor-element elementor-element-c075348 elementor-widget elementor-widget-heading\" data-id=\"c075348\" data-element_type=\"widget\" data-e-type=\"widget\" data-widget_type=\"heading.default\">\n\t\t\t\t<div class=\"elementor-widget-container\">\n\t\t\t\t\t<h1 class=\"elementor-heading-title elementor-size-default\">Tony Paix\u00e3o - Caminho Nativo<\/h1>\t\t\t\t<\/div>\n\t\t\t\t<\/div>\n\t\t\t\t<div class=\"elementor-element elementor-element-ab1a4ee elementor-widget elementor-widget-spacer\" data-id=\"ab1a4ee\" data-element_type=\"widget\" data-e-type=\"widget\" data-widget_type=\"spacer.default\">\n\t\t\t\t<div class=\"elementor-widget-container\">\n\t\t\t\t\t\t\t<div class=\"elementor-spacer\">\n\t\t\t<div class=\"elementor-spacer-inner\"><\/div>\n\t\t<\/div>\n\t\t\t\t\t\t<\/div>\n\t\t\t\t<\/div>\n\t\t\t\t\t<\/div>\n\t\t<\/div>\n\t\t\t\t\t<\/div>\n\t\t<\/section>\n\t\t\t\t<section class=\"elementor-section elementor-top-section elementor-element elementor-element-5c4ba65 elementor-section-boxed elementor-section-height-default elementor-section-height-default\" data-id=\"5c4ba65\" data-element_type=\"section\" data-e-type=\"section\" data-settings=\"{&quot;background_background&quot;:&quot;classic&quot;}\">\n\t\t\t\t\t\t<div class=\"elementor-container elementor-column-gap-default\">\n\t\t\t\t\t<div class=\"elementor-column elementor-col-50 elementor-top-column elementor-element elementor-element-78050ba\" data-id=\"78050ba\" data-element_type=\"column\" data-e-type=\"column\">\n\t\t\t<div class=\"elementor-widget-wrap elementor-element-populated\">\n\t\t\t\t\t\t<div class=\"elementor-element elementor-element-683ea9b elementor-widget elementor-widget-image\" data-id=\"683ea9b\" data-element_type=\"widget\" data-e-type=\"widget\" data-widget_type=\"image.default\">\n\t\t\t\t<div class=\"elementor-widget-container\">\n\t\t\t\t\t\t\t\t\t\t\t\t\t\t\t<img fetchpriority=\"high\" decoding=\"async\" width=\"473\" height=\"508\" src=\"https:\/\/terre-de-chamans.com\/wp-content\/uploads\/2019\/08\/Tony-Paixao.jpg\" class=\"attachment-large size-large wp-image-113\" alt=\"Tony Paixao\" srcset=\"https:\/\/terre-de-chamans.com\/wp-content\/uploads\/2019\/08\/Tony-Paixao.jpg 473w, https:\/\/terre-de-chamans.com\/wp-content\/uploads\/2019\/08\/Tony-Paixao-279x300.jpg 279w\" sizes=\"(max-width: 473px) 100vw, 473px\" \/>\t\t\t\t\t\t\t\t\t\t\t\t\t\t\t<\/div>\n\t\t\t\t<\/div>\n\t\t\t\t\t<\/div>\n\t\t<\/div>\n\t\t\t\t<div class=\"elementor-column elementor-col-50 elementor-top-column elementor-element elementor-element-cd850fd\" data-id=\"cd850fd\" data-element_type=\"column\" data-e-type=\"column\">\n\t\t\t<div class=\"elementor-widget-wrap elementor-element-populated\">\n\t\t\t\t\t\t<div class=\"elementor-element elementor-element-1b398d7 elementor-widget elementor-widget-text-editor\" data-id=\"1b398d7\" data-element_type=\"widget\" data-e-type=\"widget\" data-widget_type=\"text-editor.default\">\n\t\t\t\t<div class=\"elementor-widget-container\">\n\t\t\t\t\t\t\t\t\t<p>Tony Paix\u00e3o est un chaman br\u00e9silien reconnu pour sa profonde connaissance des traditions am\u00e9rindiennes et son engagement \u00e0 les transmettre avec authenticit\u00e9 et accessibilit\u00e9. Depuis\u00a0<strong>plus de\u00a0<\/strong><b>35 ans<\/b>, il suit le\u00a0<b>Chemin Rouge<\/b>, une voie spirituelle am\u00e9rindienne, et a \u00e9t\u00e9 form\u00e9 par\u00a0<b>Nelson Turtle<\/b>, ancien chef de la tribu Cheyenne, qui l\u2019a honor\u00e9 en le reconnaissant comme son fils spirituel.<\/p><p>Initi\u00e9 aux traditions chamaniques en 1989, Tony devient\u00a0<b>leader des c\u00e9r\u00e9monies de la Hutte de Sudation<\/b>\u00a0selon la tradition Cheyenne. Passionn\u00e9 par les techniques de gu\u00e9rison naturelle, il partage son savoir \u00e0 travers l\u2019Europe, animant conf\u00e9rences et ateliers, en Espagne, en France et en Belgique. Il est \u00e9galement cofondateur du\u00a0<b>Centre d\u2019\u00c9tudes Chamaniques<\/b>\u00a0\u00e0 Rio de Janeiro.<\/p><p>Visionnaire et ancr\u00e9 dans la tradition, Tony est aussi un pionnier dans la fabrication de\u00a0<b>tambours natifs peints<\/b>, perp\u00e9tuant et modernisant cet art sacr\u00e9 au Br\u00e9sil et en Europe.\u00a0<b>Passionn\u00e9 de peinture depuis l\u2019enfance<\/b>, il int\u00e8gre son amour des couleurs et des symboles dans la cr\u00e9ation de ces tambours, leur insufflant une dimension spirituelle et vibratoire unique.<\/p>\t\t\t\t\t\t\t\t<\/div>\n\t\t\t\t<\/div>\n\t\t\t\t\t<\/div>\n\t\t<\/div>\n\t\t\t\t\t<\/div>\n\t\t<\/section>\n\t\t\t\t<section class=\"elementor-section elementor-top-section elementor-element elementor-element-b22be0c elementor-section-boxed elementor-section-height-default elementor-section-height-default\" data-id=\"b22be0c\" data-element_type=\"section\" data-e-type=\"section\" data-settings=\"{&quot;background_background&quot;:&quot;classic&quot;}\">\n\t\t\t\t\t\t<div class=\"elementor-container elementor-column-gap-default\">\n\t\t\t\t\t<div class=\"elementor-column elementor-col-100 elementor-top-column elementor-element elementor-element-1dc9702\" data-id=\"1dc9702\" data-element_type=\"column\" data-e-type=\"column\">\n\t\t\t<div class=\"elementor-widget-wrap elementor-element-populated\">\n\t\t\t\t\t\t<div class=\"elementor-element elementor-element-9cc753d elementor-widget elementor-widget-text-editor\" data-id=\"9cc753d\" data-element_type=\"widget\" data-e-type=\"widget\" data-widget_type=\"text-editor.default\">\n\t\t\t\t<div class=\"elementor-widget-container\">\n\t\t\t\t\t\t\t\t\t<p>Ses\u00a0<b>soins chamaniques individuels<\/b>, affin\u00e9s au fil des ann\u00e9es, sont de v\u00e9ritables voyages de gu\u00e9rison et qui permettent un travail sur soi en profondeur.<\/p><p>Au-del\u00e0 de ses transmissions en Europe, Tony organise des\u00a0<a href=\"https:\/\/caminhonativo.com\/imers%C3%A3o\/\"><b>immersions chamaniques au Br\u00e9sil<\/b><\/a>, o\u00f9 il invite les participants \u00e0 une exp\u00e9rience intense et transformative, m\u00ealant rituels, m\u00e9ditations et connexion profonde \u00e0 la nature. La prochaine immersion aura lieu du\u00a0<b>11 au 20 mai 2026.<\/b><\/p><p>Avec une approche \u00e0 la fois\u00a0<b>profonde, accessible et teint\u00e9e d\u2019humour<\/b>, il m\u00eale rituels sacr\u00e9s et pratiques modernes pour offrir des espaces o\u00f9 la conscience peut s\u2019expanser et la transformation s\u2019op\u00e9rer. Son travail s\u2019appuie notamment sur la\u00a0<b>lecture des corps \u00e9nerg\u00e9tiques<\/b>, une m\u00e9thode qu\u2019il utilise pour guider chacun vers un r\u00e9alignement int\u00e9rieur.<\/p><p>Aujourd\u2019hui, Tony Paix\u00e3o est un\u00a0<b>enseignant spirituel et un artiste de renomm\u00e9e internationale<\/b>. Son travail cr\u00e9e un pont entre la sagesse des traditions ancestrales et les besoins du monde moderne.\u00a0<b>Le rencontrer, c\u2019est entreprendre un voyage int\u00e9rieur profond, port\u00e9 par une sagesse intemporelle et une \u00e9nergie vibrante.<\/b><\/p>\t\t\t\t\t\t\t\t<\/div>\n\t\t\t\t<\/div>\n\t\t\t\t<div class=\"elementor-element elementor-element-4cccdce elementor-widget elementor-widget-spacer\" data-id=\"4cccdce\" data-element_type=\"widget\" data-e-type=\"widget\" data-widget_type=\"spacer.default\">\n\t\t\t\t<div class=\"elementor-widget-container\">\n\t\t\t\t\t\t\t<div class=\"elementor-spacer\">\n\t\t\t<div class=\"elementor-spacer-inner\"><\/div>\n\t\t<\/div>\n\t\t\t\t\t\t<\/div>\n\t\t\t\t<\/div>\n\t\t\t\t\t<\/div>\n\t\t<\/div>\n\t\t\t\t\t<\/div>\n\t\t<\/section>\n\t\t\t\t<section class=\"elementor-section elementor-top-section elementor-element elementor-element-18bdea9 elementor-section-boxed elementor-section-height-default elementor-section-height-default\" data-id=\"18bdea9\" data-element_type=\"section\" data-e-type=\"section\" data-settings=\"{&quot;background_background&quot;:&quot;classic&quot;}\">\n\t\t\t\t\t\t<div class=\"elementor-container elementor-column-gap-default\">\n\t\t\t\t\t<div class=\"elementor-column elementor-col-33 elementor-top-column elementor-element elementor-element-1858457\" data-id=\"1858457\" data-element_type=\"column\" data-e-type=\"column\">\n\t\t\t<div class=\"elementor-widget-wrap elementor-element-populated\">\n\t\t\t\t\t\t<div class=\"elementor-element elementor-element-efc752b elementor-widget elementor-widget-video\" data-id=\"efc752b\" data-element_type=\"widget\" data-e-type=\"widget\" data-settings=\"{&quot;youtube_url&quot;:&quot;https:\\\/\\\/youtu.be\\\/A8178n7cc08&quot;,&quot;video_type&quot;:&quot;youtube&quot;,&quot;controls&quot;:&quot;yes&quot;}\" data-widget_type=\"video.default\">\n\t\t\t\t<div class=\"elementor-widget-container\">\n\t\t\t\t\t\t\t<div class=\"elementor-wrapper elementor-open-inline\">\n\t\t\t<div class=\"elementor-video\"><\/div>\t\t<\/div>\n\t\t\t\t\t\t<\/div>\n\t\t\t\t<\/div>\n\t\t\t\t\t<\/div>\n\t\t<\/div>\n\t\t\t\t<div class=\"elementor-column elementor-col-33 elementor-top-column elementor-element elementor-element-481ff89\" data-id=\"481ff89\" data-element_type=\"column\" data-e-type=\"column\">\n\t\t\t<div class=\"elementor-widget-wrap elementor-element-populated\">\n\t\t\t\t\t\t<div class=\"elementor-element elementor-element-567dff0 elementor-widget elementor-widget-image\" data-id=\"567dff0\" data-element_type=\"widget\" data-e-type=\"widget\" data-widget_type=\"image.default\">\n\t\t\t\t<div class=\"elementor-widget-container\">\n\t\t\t\t\t\t\t\t\t\t\t\t\t\t\t\t<a href=\"https:\/\/tonypaixao.com.br\/\" target=\"_blank\">\n\t\t\t\t\t\t\t<img decoding=\"async\" width=\"237\" height=\"212\" src=\"https:\/\/terre-de-chamans.com\/wp-content\/uploads\/2019\/08\/Caminho-Nativo.jpg\" class=\"attachment-large size-large wp-image-121\" alt=\"Caminho Nativo\" \/>\t\t\t\t\t\t\t\t<\/a>\n\t\t\t\t\t\t\t\t\t\t\t\t\t\t\t<\/div>\n\t\t\t\t<\/div>\n\t\t\t\t\t<\/div>\n\t\t<\/div>\n\t\t\t\t<div class=\"elementor-column elementor-col-33 elementor-top-column elementor-element elementor-element-9f3a039\" data-id=\"9f3a039\" data-element_type=\"column\" data-e-type=\"column\">\n\t\t\t<div class=\"elementor-widget-wrap elementor-element-populated\">\n\t\t\t\t\t\t<div class=\"elementor-element elementor-element-bd6f608 elementor-widget elementor-widget-video\" data-id=\"bd6f608\" data-element_type=\"widget\" data-e-type=\"widget\" data-settings=\"{&quot;youtube_url&quot;:&quot;https:\\\/\\\/youtu.be\\\/BaY8gFrEYp0&quot;,&quot;video_type&quot;:&quot;youtube&quot;,&quot;controls&quot;:&quot;yes&quot;}\" data-widget_type=\"video.default\">\n\t\t\t\t<div class=\"elementor-widget-container\">\n\t\t\t\t\t\t\t<div class=\"elementor-wrapper elementor-open-inline\">\n\t\t\t<div class=\"elementor-video\"><\/div>\t\t<\/div>\n\t\t\t\t\t\t<\/div>\n\t\t\t\t<\/div>\n\t\t\t\t\t<\/div>\n\t\t<\/div>\n\t\t\t\t\t<\/div>\n\t\t<\/section>\n\t\t\t\t<section class=\"elementor-section elementor-top-section elementor-element elementor-element-ed0b23e elementor-section-boxed elementor-section-height-default elementor-section-height-default\" data-id=\"ed0b23e\" data-element_type=\"section\" data-e-type=\"section\" data-settings=\"{&quot;background_background&quot;:&quot;classic&quot;}\">\n\t\t\t\t\t\t<div class=\"elementor-container elementor-column-gap-default\">\n\t\t\t\t\t<div class=\"elementor-column elementor-col-100 elementor-top-column elementor-element elementor-element-ee6d44b\" data-id=\"ee6d44b\" data-element_type=\"column\" data-e-type=\"column\">\n\t\t\t<div class=\"elementor-widget-wrap elementor-element-populated\">\n\t\t\t\t\t\t<div class=\"elementor-element elementor-element-e8928c9 elementor-widget elementor-widget-spacer\" data-id=\"e8928c9\" data-element_type=\"widget\" data-e-type=\"widget\" data-widget_type=\"spacer.default\">\n\t\t\t\t<div class=\"elementor-widget-container\">\n\t\t\t\t\t\t\t<div class=\"elementor-spacer\">\n\t\t\t<div class=\"elementor-spacer-inner\"><\/div>\n\t\t<\/div>\n\t\t\t\t\t\t<\/div>\n\t\t\t\t<\/div>\n\t\t\t\t\t<\/div>\n\t\t<\/div>\n\t\t\t\t\t<\/div>\n\t\t<\/section>\n\t\t\t\t<\/div>\n\t\t","protected":false},"excerpt":{"rendered":"<p>Tony Paix\u00e3o &#8211; Caminho Nativo Tony Paix\u00e3o est un chaman br\u00e9silien reconnu pour sa profonde connaissance des traditions am\u00e9rindiennes et son engagement \u00e0 les transmettre avec authenticit\u00e9 et accessibilit\u00e9. Depuis\u00a0plus de\u00a035 ans, il suit le\u00a0Chemin Rouge, une voie spirituelle am\u00e9rindienne, et a \u00e9t\u00e9 form\u00e9 par\u00a0Nelson Turtle, ancien chef de la tribu Cheyenne, qui l\u2019a honor\u00e9 [&hellip;]<\/p>\n","protected":false},"author":1,"featured_media":0,"parent":0,"menu_order":0,"comment_status":"closed","ping_status":"closed","template":"","meta":{"footnotes":""},"class_list":["post-110","page","type-page","status-publish","hentry"],"yoast_head":"<!-- This site is optimized with the Yoast SEO plugin v27.6 - https:\/\/yoast.com\/product\/yoast-seo-wordpress\/ -->\n<title>Le chaman br\u00e9silien Tony Paixao \u00e0 Toulouse - Terre de chamans<\/title>\n<meta name=\"description\" content=\"Le chaman Tony Paixao a initi\u00e9 le chemin rouge il y a plus de 20 ans. Il construit des tambours chamaniques et propose des soins de gu\u00e9rison.\" \/>\n<meta name=\"robots\" content=\"index, follow, max-snippet:-1, max-image-preview:large, max-video-preview:-1\" \/>\n<link rel=\"canonical\" href=\"https:\/\/terre-de-chamans.com\/index.php\/tony-paixao-chaman-bresilien\/\" \/>\n<meta property=\"og:locale\" content=\"fr_FR\" \/>\n<meta property=\"og:type\" content=\"article\" \/>\n<meta property=\"og:title\" content=\"Le chaman br\u00e9silien Tony Paixao \u00e0 Toulouse - Terre de chamans\" \/>\n<meta property=\"og:description\" content=\"Le chaman Tony Paixao a initi\u00e9 le chemin rouge il y a plus de 20 ans. Il construit des tambours chamaniques et propose des soins de gu\u00e9rison.\" \/>\n<meta property=\"og:url\" content=\"https:\/\/terre-de-chamans.com\/index.php\/tony-paixao-chaman-bresilien\/\" \/>\n<meta property=\"og:site_name\" content=\"Terre de chamans\" \/>\n<meta property=\"article:publisher\" content=\"https:\/\/www.facebook.com\/terredechamans\/\" \/>\n<meta property=\"article:modified_time\" content=\"2025-06-21T07:10:04+00:00\" \/>\n<meta property=\"og:image\" content=\"https:\/\/terre-de-chamans.com\/wp-content\/uploads\/2019\/08\/Tony-Paixao.jpg\" \/>\n\t<meta property=\"og:image:width\" content=\"473\" \/>\n\t<meta property=\"og:image:height\" content=\"508\" \/>\n\t<meta property=\"og:image:type\" content=\"image\/jpeg\" \/>\n<meta name=\"twitter:card\" content=\"summary_large_image\" \/>\n<meta name=\"twitter:label1\" content=\"Dur\u00e9e de lecture estim\u00e9e\" \/>\n\t<meta name=\"twitter:data1\" content=\"3 minutes\" \/>\n<script type=\"application\/ld+json\" class=\"yoast-schema-graph\">{\"@context\":\"https:\\\/\\\/schema.org\",\"@graph\":[{\"@type\":\"WebPage\",\"@id\":\"https:\\\/\\\/terre-de-chamans.com\\\/index.php\\\/tony-paixao-chaman-bresilien\\\/\",\"url\":\"https:\\\/\\\/terre-de-chamans.com\\\/index.php\\\/tony-paixao-chaman-bresilien\\\/\",\"name\":\"Le chaman br\u00e9silien Tony Paixao \u00e0 Toulouse - Terre de chamans\",\"isPartOf\":{\"@id\":\"https:\\\/\\\/terre-de-chamans.com\\\/#website\"},\"primaryImageOfPage\":{\"@id\":\"https:\\\/\\\/terre-de-chamans.com\\\/index.php\\\/tony-paixao-chaman-bresilien\\\/#primaryimage\"},\"image\":{\"@id\":\"https:\\\/\\\/terre-de-chamans.com\\\/index.php\\\/tony-paixao-chaman-bresilien\\\/#primaryimage\"},\"thumbnailUrl\":\"https:\\\/\\\/terre-de-chamans.com\\\/wp-content\\\/uploads\\\/2019\\\/08\\\/Tony-Paixao.jpg\",\"datePublished\":\"2019-08-30T08:25:00+00:00\",\"dateModified\":\"2025-06-21T07:10:04+00:00\",\"description\":\"Le chaman Tony Paixao a initi\u00e9 le chemin rouge il y a plus de 20 ans. Il construit des tambours chamaniques et propose des soins de gu\u00e9rison.\",\"breadcrumb\":{\"@id\":\"https:\\\/\\\/terre-de-chamans.com\\\/index.php\\\/tony-paixao-chaman-bresilien\\\/#breadcrumb\"},\"inLanguage\":\"fr-FR\",\"potentialAction\":[{\"@type\":\"ReadAction\",\"target\":[\"https:\\\/\\\/terre-de-chamans.com\\\/index.php\\\/tony-paixao-chaman-bresilien\\\/\"]}]},{\"@type\":\"ImageObject\",\"inLanguage\":\"fr-FR\",\"@id\":\"https:\\\/\\\/terre-de-chamans.com\\\/index.php\\\/tony-paixao-chaman-bresilien\\\/#primaryimage\",\"url\":\"https:\\\/\\\/terre-de-chamans.com\\\/wp-content\\\/uploads\\\/2019\\\/08\\\/Tony-Paixao.jpg\",\"contentUrl\":\"https:\\\/\\\/terre-de-chamans.com\\\/wp-content\\\/uploads\\\/2019\\\/08\\\/Tony-Paixao.jpg\",\"width\":473,\"height\":508,\"caption\":\"Tony Paixao\"},{\"@type\":\"BreadcrumbList\",\"@id\":\"https:\\\/\\\/terre-de-chamans.com\\\/index.php\\\/tony-paixao-chaman-bresilien\\\/#breadcrumb\",\"itemListElement\":[{\"@type\":\"ListItem\",\"position\":1,\"name\":\"Accueil\",\"item\":\"https:\\\/\\\/terre-de-chamans.com\\\/\"},{\"@type\":\"ListItem\",\"position\":2,\"name\":\"Tony Paixao\"}]},{\"@type\":\"WebSite\",\"@id\":\"https:\\\/\\\/terre-de-chamans.com\\\/#website\",\"url\":\"https:\\\/\\\/terre-de-chamans.com\\\/\",\"name\":\"Terre de chamans\",\"description\":\"spiritualit\u00e9 et chamanisme\",\"publisher\":{\"@id\":\"https:\\\/\\\/terre-de-chamans.com\\\/#organization\"},\"potentialAction\":[{\"@type\":\"SearchAction\",\"target\":{\"@type\":\"EntryPoint\",\"urlTemplate\":\"https:\\\/\\\/terre-de-chamans.com\\\/?s={search_term_string}\"},\"query-input\":{\"@type\":\"PropertyValueSpecification\",\"valueRequired\":true,\"valueName\":\"search_term_string\"}}],\"inLanguage\":\"fr-FR\"},{\"@type\":\"Organization\",\"@id\":\"https:\\\/\\\/terre-de-chamans.com\\\/#organization\",\"name\":\"TERRE DE CHAMANS\",\"url\":\"https:\\\/\\\/terre-de-chamans.com\\\/\",\"logo\":{\"@type\":\"ImageObject\",\"inLanguage\":\"fr-FR\",\"@id\":\"https:\\\/\\\/terre-de-chamans.com\\\/#\\\/schema\\\/logo\\\/image\\\/\",\"url\":\"https:\\\/\\\/terre-de-chamans.com\\\/wp-content\\\/uploads\\\/2020\\\/10\\\/logo-terre-de-chamans.jpg\",\"contentUrl\":\"https:\\\/\\\/terre-de-chamans.com\\\/wp-content\\\/uploads\\\/2020\\\/10\\\/logo-terre-de-chamans.jpg\",\"width\":1860,\"height\":1845,\"caption\":\"TERRE DE CHAMANS\"},\"image\":{\"@id\":\"https:\\\/\\\/terre-de-chamans.com\\\/#\\\/schema\\\/logo\\\/image\\\/\"},\"sameAs\":[\"https:\\\/\\\/www.facebook.com\\\/terredechamans\\\/\"]}]}<\/script>\n<!-- \/ Yoast SEO plugin. -->","yoast_head_json":{"title":"Le chaman br\u00e9silien Tony Paixao \u00e0 Toulouse - Terre de chamans","description":"Le chaman Tony Paixao a initi\u00e9 le chemin rouge il y a plus de 20 ans. Il construit des tambours chamaniques et propose des soins de gu\u00e9rison.","robots":{"index":"index","follow":"follow","max-snippet":"max-snippet:-1","max-image-preview":"max-image-preview:large","max-video-preview":"max-video-preview:-1"},"canonical":"https:\/\/terre-de-chamans.com\/index.php\/tony-paixao-chaman-bresilien\/","og_locale":"fr_FR","og_type":"article","og_title":"Le chaman br\u00e9silien Tony Paixao \u00e0 Toulouse - Terre de chamans","og_description":"Le chaman Tony Paixao a initi\u00e9 le chemin rouge il y a plus de 20 ans. Il construit des tambours chamaniques et propose des soins de gu\u00e9rison.","og_url":"https:\/\/terre-de-chamans.com\/index.php\/tony-paixao-chaman-bresilien\/","og_site_name":"Terre de chamans","article_publisher":"https:\/\/www.facebook.com\/terredechamans\/","article_modified_time":"2025-06-21T07:10:04+00:00","og_image":[{"width":473,"height":508,"url":"https:\/\/terre-de-chamans.com\/wp-content\/uploads\/2019\/08\/Tony-Paixao.jpg","type":"image\/jpeg"}],"twitter_card":"summary_large_image","twitter_misc":{"Dur\u00e9e de lecture estim\u00e9e":"3 minutes"},"schema":{"@context":"https:\/\/schema.org","@graph":[{"@type":"WebPage","@id":"https:\/\/terre-de-chamans.com\/index.php\/tony-paixao-chaman-bresilien\/","url":"https:\/\/terre-de-chamans.com\/index.php\/tony-paixao-chaman-bresilien\/","name":"Le chaman br\u00e9silien Tony Paixao \u00e0 Toulouse - Terre de chamans","isPartOf":{"@id":"https:\/\/terre-de-chamans.com\/#website"},"primaryImageOfPage":{"@id":"https:\/\/terre-de-chamans.com\/index.php\/tony-paixao-chaman-bresilien\/#primaryimage"},"image":{"@id":"https:\/\/terre-de-chamans.com\/index.php\/tony-paixao-chaman-bresilien\/#primaryimage"},"thumbnailUrl":"https:\/\/terre-de-chamans.com\/wp-content\/uploads\/2019\/08\/Tony-Paixao.jpg","datePublished":"2019-08-30T08:25:00+00:00","dateModified":"2025-06-21T07:10:04+00:00","description":"Le chaman Tony Paixao a initi\u00e9 le chemin rouge il y a plus de 20 ans. Il construit des tambours chamaniques et propose des soins de gu\u00e9rison.","breadcrumb":{"@id":"https:\/\/terre-de-chamans.com\/index.php\/tony-paixao-chaman-bresilien\/#breadcrumb"},"inLanguage":"fr-FR","potentialAction":[{"@type":"ReadAction","target":["https:\/\/terre-de-chamans.com\/index.php\/tony-paixao-chaman-bresilien\/"]}]},{"@type":"ImageObject","inLanguage":"fr-FR","@id":"https:\/\/terre-de-chamans.com\/index.php\/tony-paixao-chaman-bresilien\/#primaryimage","url":"https:\/\/terre-de-chamans.com\/wp-content\/uploads\/2019\/08\/Tony-Paixao.jpg","contentUrl":"https:\/\/terre-de-chamans.com\/wp-content\/uploads\/2019\/08\/Tony-Paixao.jpg","width":473,"height":508,"caption":"Tony Paixao"},{"@type":"BreadcrumbList","@id":"https:\/\/terre-de-chamans.com\/index.php\/tony-paixao-chaman-bresilien\/#breadcrumb","itemListElement":[{"@type":"ListItem","position":1,"name":"Accueil","item":"https:\/\/terre-de-chamans.com\/"},{"@type":"ListItem","position":2,"name":"Tony Paixao"}]},{"@type":"WebSite","@id":"https:\/\/terre-de-chamans.com\/#website","url":"https:\/\/terre-de-chamans.com\/","name":"Terre de chamans","description":"spiritualit\u00e9 et chamanisme","publisher":{"@id":"https:\/\/terre-de-chamans.com\/#organization"},"potentialAction":[{"@type":"SearchAction","target":{"@type":"EntryPoint","urlTemplate":"https:\/\/terre-de-chamans.com\/?s={search_term_string}"},"query-input":{"@type":"PropertyValueSpecification","valueRequired":true,"valueName":"search_term_string"}}],"inLanguage":"fr-FR"},{"@type":"Organization","@id":"https:\/\/terre-de-chamans.com\/#organization","name":"TERRE DE CHAMANS","url":"https:\/\/terre-de-chamans.com\/","logo":{"@type":"ImageObject","inLanguage":"fr-FR","@id":"https:\/\/terre-de-chamans.com\/#\/schema\/logo\/image\/","url":"https:\/\/terre-de-chamans.com\/wp-content\/uploads\/2020\/10\/logo-terre-de-chamans.jpg","contentUrl":"https:\/\/terre-de-chamans.com\/wp-content\/uploads\/2020\/10\/logo-terre-de-chamans.jpg","width":1860,"height":1845,"caption":"TERRE DE CHAMANS"},"image":{"@id":"https:\/\/terre-de-chamans.com\/#\/schema\/logo\/image\/"},"sameAs":["https:\/\/www.facebook.com\/terredechamans\/"]}]}},"_links":{"self":[{"href":"https:\/\/terre-de-chamans.com\/index.php\/wp-json\/wp\/v2\/pages\/110","targetHints":{"allow":["GET"]}}],"collection":[{"href":"https:\/\/terre-de-chamans.com\/index.php\/wp-json\/wp\/v2\/pages"}],"about":[{"href":"https:\/\/terre-de-chamans.com\/index.php\/wp-json\/wp\/v2\/types\/page"}],"author":[{"embeddable":true,"href":"https:\/\/terre-de-chamans.com\/index.php\/wp-json\/wp\/v2\/users\/1"}],"replies":[{"embeddable":true,"href":"https:\/\/terre-de-chamans.com\/index.php\/wp-json\/wp\/v2\/comments?post=110"}],"version-history":[{"count":9,"href":"https:\/\/terre-de-chamans.com\/index.php\/wp-json\/wp\/v2\/pages\/110\/revisions"}],"predecessor-version":[{"id":2714,"href":"https:\/\/terre-de-chamans.com\/index.php\/wp-json\/wp\/v2\/pages\/110\/revisions\/2714"}],"wp:attachment":[{"href":"https:\/\/terre-de-chamans.com\/index.php\/wp-json\/wp\/v2\/media?parent=110"}],"curies":[{"name":"wp","href":"https:\/\/api.w.org\/{rel}","templated":true}]}}